{"id":318,"date":"2022-12-09T15:51:28","date_gmt":"2022-12-09T15:51:28","guid":{"rendered":"https:\/\/www.tequilatesoromaya.com\/en\/?page_id=318"},"modified":"2024-03-01T23:02:11","modified_gmt":"2024-03-01T23:02:11","slug":"cocteles","status":"publish","type":"page","link":"https:\/\/www.tequilatesoromaya.com\/en\/es\/cocteles\/","title":{"rendered":"C\u00f3cteles"},"content":{"rendered":"<p>[vc_row content_placement=&#8221;middle&#8221;][vc_column][vc_row_inner][vc_column_inner][vc_custom_heading text=&#8221;C\u00f3cteles&#8221; font_container=&#8221;tag:h2|font_size:50|text_align:left|color:%23ffffff&#8221; google_fonts=&#8221;font_family:Marcellus%20SC%3Aregular|font_style:400%20regular%3A400%3Anormal&#8221;][\/vc_column_inner][\/vc_row_inner][\/vc_column][\/vc_row][vc_row][vc_column width=&#8221;1\/2&#8243;][vc_custom_heading text=&#8221;Cl\u00e1sica Margarita&#8221; font_container=&#8221;tag:h2|font_size:25|text_align:left|color:%23ffffff&#8221; google_fonts=&#8221;font_family:Marcellus%20SC%3Aregular|font_style:400%20regular%3A400%3Anormal&#8221;][vc_column_text]<strong>Ingredientes:<\/strong><\/p>\n<ul>\n<li>60 ml of Tequila Tesoro Maya Blanco<\/li>\n<li>30 ml de licor triple sec<\/li>\n<li>30 ml de zumo de lim\u00f3n<\/li>\n<li>Hielo picado<\/li>\n<li>Sal<\/li>\n<li>Rodaja de lim\u00f3n<\/li>\n<\/ul>\n<p>&nbsp;<\/p>\n<p><strong>Preparaci\u00f3n:<\/strong><\/p>\n<ol>\n<li>El primer paso es preparar la copa. Para esto, espolvoreamos sobre un plato la sal. Impregnamos el borde de la copa de zumo de lim\u00f3n. Volteamos la copa y la apoyamos sobre la sal, de manera que quede el borde de la copa recubierto de la misma.<\/li>\n<li>A\u00f1adimos a una coctelera el hielo picado, el zumo de lim\u00f3n reci\u00e9n exprimido, el tequila y el licor triple sec.<\/li>\n<li>Agitamos en\u00e9rgicamente durante 15 segundos.<\/li>\n<li>Servimos el contenido de la coctelera en la copa tipo Margarita que hab\u00edamos preparado.<\/li>\n<li>Para la decoraci\u00f3n, cortamos una rodaja de lim\u00f3n y la colocamos en el borde de la copa.<\/li>\n<\/ol>\n<p>[\/vc_column_text][\/vc_column][vc_column width=&#8221;1\/2&#8243;][vc_single_image image=&#8221;267&#8243; img_size=&#8221;full&#8221; alignment=&#8221;center&#8221;][\/vc_column][\/vc_row][vc_row][vc_column width=&#8221;1\/2&#8243;][vc_single_image image=&#8221;258&#8243; img_size=&#8221;full&#8221; alignment=&#8221;center&#8221;][\/vc_column][vc_column width=&#8221;1\/2&#8243;][vc_custom_heading text=&#8221;Paloma Brava&#8221; font_container=&#8221;tag:h2|font_size:25|text_align:left|color:%23ffffff&#8221; google_fonts=&#8221;font_family:Marcellus%20SC%3Aregular|font_style:400%20regular%3A400%3Anormal&#8221;][vc_column_text]<strong>Ingredientes:<\/strong><\/p>\n<p>\u2981 Pizca de sal<br \/>\n\u2981 44 ml de Tequila Tesoro Maya Reposado<br \/>\n\u2981 1 cda. de zumo de lim\u00f3n<br \/>\n\u2981 177 ml de zumo de naranja fresco<br \/>\n\u2981 160 ml de zumo de pomelo fresco<br \/>\n\u2981 118 ml de refresco de naranja<br \/>\n\u2981 1 cda. de miel<br \/>\n\u2981 Rodajas de lim\u00f3n<\/p>\n<p>&nbsp;<\/p>\n<p><strong>Preparaci\u00f3n: <\/strong><\/p>\n<ol>\n<li>En un recipiente con hielo a\u00f1adimos el tequila, los zumos de naranja y pomelo as\u00ed como un poco de sal y removemos.<\/li>\n<li>A continuaci\u00f3n se completa con el refresco de naranja, una cucharada de miel y rodajas de lim\u00f3n.<\/li>\n<li>Decoramos con rodaja de lim\u00f3n.<\/li>\n<\/ol>\n<p>[\/vc_column_text][\/vc_column][\/vc_row][vc_row][vc_column width=&#8221;1\/2&#8243;][vc_custom_heading text=&#8221;A\u00f1ejo Fashioned&#8221; font_container=&#8221;tag:h2|font_size:25|text_align:left|color:%23ffffff&#8221; google_fonts=&#8221;font_family:Marcellus%20SC%3Aregular|font_style:400%20regular%3A400%3Anormal&#8221;][vc_column_text]<strong>Ingredientes:<\/strong><\/p>\n<p>\u2981 45 ml de Tequila Tesoro Maya A\u00f1ejo<br \/>\n\u2981 0.5 ml de jarabe natural<br \/>\n\u2981 3 dashes de amargo de Angostura Bitters<br \/>\n\u2981 3 dashes de naranja Bitters<br \/>\n\u2981 1 c\u00e1scara de naranja y hielo al gusto.<\/p>\n<p><strong>Preparaci\u00f3n:<\/strong><\/p>\n<ol>\n<li>Agregamos a un vaso old fashion todos los ingredientes excepto la c\u00e1scara de naranja y mezclamos hasta lograr diluir algo del hielo.<\/li>\n<li>Al finalizar doblamos la c\u00e1scara de naranja sobre el c\u00f3ctel para aromatizar y la agregamos dentro del vaso.<\/li>\n<\/ol>\n<p>[\/vc_column_text][\/vc_column][vc_column width=&#8221;1\/2&#8243;][\/vc_column][\/vc_row][vc_row][vc_column width=&#8221;1\/2&#8243;][vc_single_image image=&#8221;265&#8243; img_size=&#8221;full&#8221; alignment=&#8221;center&#8221;][\/vc_column][vc_column width=&#8221;1\/2&#8243;][vc_custom_heading text=&#8221;C\u00f3ctel Fresco Verano&#8221; font_container=&#8221;tag:h2|font_size:25|text_align:left|color:%23ffffff&#8221; google_fonts=&#8221;font_family:Marcellus%20SC%3Aregular|font_style:400%20regular%3A400%3Anormal&#8221;][vc_column_text]<strong>Ingredientes: <\/strong><\/p>\n<p>\u2981 6 tzs. de sand\u00eda sin semillas en trozos<br \/>\n\u2981 60 ml taza de jarabe simple<br \/>\n\u2981 2 limones cortados en trozos<br \/>\n\u2981 1 1\/2 tzs. de ar\u00e1ndano azul fresco<br \/>\n\u2981 1\/2 tz. llena de hojas de menta fresca, y ramitas para adornar<br \/>\n\u2981 240 ml de Tequila Tesoro Maya Blanco<br \/>\n\u2981 Hielo picado<\/p>\n<p>&nbsp;<\/p>\n<p><strong>Preparaci\u00f3n:<\/strong><\/p>\n<ol>\n<li>Licuamos la sand\u00eda en la licuadora hasta que est\u00e9 suave. Vamos a colar el jugo en un recipiente presionando muy bien sobre la pulpa y desechamos los s\u00f3lidos.<\/li>\n<\/ol>\n<ol start=\"2\">\n<li>Para el jarabe simple ponemos media taza de agua a hervir en una cacerola peque\u00f1a y lo llevamos a ebullici\u00f3n a fuego alto. A\u00f1adimos una taza de az\u00facar y revolvemos hasta que el az\u00facar se disuelva por completo. Dejamos enfriar muy bien y est\u00e1 listo el jarabe para la preparaci\u00f3n.<\/li>\n<li>En una jarra grande a\u00f1adimos el jarabe simple, los limones en trozos, los ar\u00e1ndanos y la menta. Con un mortero o pala aplastamos ligeramente para sacar los jugos de las frutas. A\u00f1adimos el jugo de sand\u00eda y el tequila, revolvemos muy bien para que se mezcle todo y agregamos un poco de agua. Refrigeramos por al menos una hora.<\/li>\n<li>Para servir agregamos hielos en trozos y adornamos con ramitas de menta.<\/li>\n<\/ol>\n<p>[\/vc_column_text][\/vc_column][\/vc_row][vc_row][vc_column width=&#8221;1\/2&#8243;][vc_custom_heading text=&#8221;El Dios del Sol: Tequila Sunrise&#8221; font_container=&#8221;tag:h2|font_size:25|text_align:left|color:%23ffffff&#8221; google_fonts=&#8221;font_family:Marcellus%20SC%3Aregular|font_style:400%20regular%3A400%3Anormal&#8221;][vc_column_text]<strong>Ingredients: <\/strong><\/p>\n<p>\u2981 Hielo al gusto<br \/>\n\u2981 25 ml de Tequila Tesoro Maya Blanco<br \/>\n\u2981 100 ml zumo de naranja<br \/>\n\u2981 2 cditas. de granadina<br \/>\n\u2981 Rodaja de naranja para decorar<\/p>\n<p><strong>Preparaci\u00f3n:<\/strong><\/p>\n<ol>\n<li>En una coctelera servimos 3 o 4 hielos, el zumo de naranja y el tequila, agitar muy bien.<\/li>\n<li>En una copa alta o vaso highball colocar el resto de los hielos, vertemos la mezcla que preparamos en la coctelera, y vamos sirviendo lentamente la granadina para que vaya hacia el fondo.<\/li>\n<li>Decoramos con la rodaja de naranja.<\/li>\n<\/ol>\n<p>[\/vc_column_text][\/vc_column][vc_column width=&#8221;1\/2&#8243;][vc_single_image image=&#8221;263&#8243; img_size=&#8221;full&#8221; alignment=&#8221;center&#8221;][\/vc_column][\/vc_row]<\/p>\n","protected":false},"excerpt":{"rendered":"<p>[vc_row content_placement=&#8221;middle&#8221;][vc_column][vc_row_inner][vc_column_inner][vc_custom_heading text=&#8221;C\u00f3cteles&#8221; font_container=&#8221;tag:h2|font_size:50|text_align:left|color:%23ffffff&#8221; google_fonts=&#8221;font_family:Marcellus%20SC%3Aregular|font_style:400%20regular%3A400%3Anormal&#8221;][\/vc_column_inner][\/vc_row_inner][\/vc_column][\/vc_row][vc_row][vc_column width=&#8221;1\/2&#8243;][vc_custom_heading text=&#8221;Cl\u00e1sica Margarita&#8221; font_container=&#8221;tag:h2|font_size:25|text_align:left|color:%23ffffff&#8221; google_fonts=&#8221;font_family:Marcellus%20SC%3Aregular|font_style:400%20regular%3A400%3Anormal&#8221;][vc_column_text]Ingredientes: 60 ml of Tequila Tesoro Maya Blanco 30 ml de licor triple sec 30 ml de zumo de lim\u00f3n Hielo picado Sal Rodaja de lim\u00f3n &nbsp; Preparaci\u00f3n: El primer paso es preparar la copa. Para esto, espolvoreamos sobre un plato la sal. Impregnamos el borde<br \/><a href=\"https:\/\/www.tequilatesoromaya.com\/en\/es\/cocteles\/\" class=\"more\">Read more<\/a><\/p>\n","protected":false},"author":1,"featured_media":0,"parent":0,"menu_order":0,"comment_status":"closed","ping_status":"closed","template":"","meta":{"footnotes":""},"class_list":["post-318","page","type-page","status-publish","hentry"],"_links":{"self":[{"href":"https:\/\/www.tequilatesoromaya.com\/en\/wp-json\/wp\/v2\/pages\/318","targetHints":{"allow":["GET"]}}],"collection":[{"href":"https:\/\/www.tequilatesoromaya.com\/en\/wp-json\/wp\/v2\/pages"}],"about":[{"href":"https:\/\/www.tequilatesoromaya.com\/en\/wp-json\/wp\/v2\/types\/page"}],"author":[{"embeddable":true,"href":"https:\/\/www.tequilatesoromaya.com\/en\/wp-json\/wp\/v2\/users\/1"}],"replies":[{"embeddable":true,"href":"https:\/\/www.tequilatesoromaya.com\/en\/wp-json\/wp\/v2\/comments?post=318"}],"version-history":[{"count":1,"href":"https:\/\/www.tequilatesoromaya.com\/en\/wp-json\/wp\/v2\/pages\/318\/revisions"}],"predecessor-version":[{"id":319,"href":"https:\/\/www.tequilatesoromaya.com\/en\/wp-json\/wp\/v2\/pages\/318\/revisions\/319"}],"wp:attachment":[{"href":"https:\/\/www.tequilatesoromaya.com\/en\/wp-json\/wp\/v2\/media?parent=318"}],"curies":[{"name":"wp","href":"https:\/\/api.w.org\/{rel}","templated":true}]}}