{"id":316,"date":"2022-12-09T15:23:58","date_gmt":"2022-12-09T15:23:58","guid":{"rendered":"https:\/\/www.tequilatesoromaya.com\/en\/?page_id=316"},"modified":"2022-12-09T15:23:58","modified_gmt":"2022-12-09T15:23:58","slug":"productos","status":"publish","type":"page","link":"https:\/\/www.tequilatesoromaya.com\/en\/es\/productos\/","title":{"rendered":"Productos"},"content":{"rendered":"<p>[vc_row content_placement=&#8221;middle&#8221;][vc_column width=&#8221;1\/2&#8243;][vc_row_inner][vc_column_inner][vc_custom_heading text=&#8221;Productos&#8221; font_container=&#8221;tag:h2|font_size:50|text_align:left|color:%23ffffff&#8221; google_fonts=&#8221;font_family:Marcellus%20SC%3Aregular|font_style:400%20regular%3A400%3Anormal&#8221;][\/vc_column_inner][\/vc_row_inner][vc_row_inner][vc_column_inner][vc_custom_heading text=&#8221;Tesoros \u00fanicos.&#8221; font_container=&#8221;tag:h2|font_size:25|text_align:left|color:%23ffffff&#8221; google_fonts=&#8221;font_family:Marcellus%20SC%3Aregular|font_style:400%20regular%3A400%3Anormal&#8221;][\/vc_column_inner][\/vc_row_inner][vc_row_inner][vc_column_inner][vc_column_text]No hay en el mundo tesoro m\u00e1s grande, y de gran valor que el Tequila, bebida sagrada que la naturaleza nos brinda. Nuestro tequila es elaborado de manera muy especial, con un proceso artesanal; y cada una de nuestras botellas es distinta y \u00fanica, creadas y pintadas por manos de artesanos de Los Altos de Jalisco. Cre\u00edmos que era necesaria la creaci\u00f3n no solamente de un tesoro, si no de 4:[\/vc_column_text][\/vc_column_inner][\/vc_row_inner][\/vc_column][vc_column width=&#8221;1\/2&#8243;][vc_single_image image=&#8221;270&#8243; img_size=&#8221;full&#8221; alignment=&#8221;center&#8221;][\/vc_column][\/vc_row][vc_row content_placement=&#8221;bottom&#8221;][vc_column width=&#8221;1\/2&#8243;][vc_custom_heading text=&#8221;Premium Plata:&#8221; font_container=&#8221;tag:h2|font_size:25|text_align:left|color:%23ffffff&#8221; google_fonts=&#8221;font_family:Marcellus%20SC%3Aregular|font_style:400%20regular%3A400%3Anormal&#8221;][vc_column_text]<strong>Visual:<\/strong> Este tequila presenta un color cristalino con matices plateados, transparencia y una brillantez muy buena que lo hace muy disfrutable a la vista, la untuosidad es excelente se impregna el l\u00edquido a la copa y toma su tiempo para dejar ver el lagrimeo y las piernas.<\/p>\n<p><strong>Olfativa:<\/strong> Nos muestra claramente aromas de agave cocido, dominando el dulce de este elemento sobre los tonos frutales y florales que tambi\u00e9n nos muestra, esas notas de alcohol con c\u00edtrico son muy palpables intensos y penetrantes en la nariz sobre todo al primer intento, resaltando esto como una cualidad en su conjunto.<\/p>\n<p><strong>Gustativa:<\/strong> Tequila honesto pues lo que promete con la nariz se confirma con la boca, se reafirma el sabor de agave cocido realza el dulce del mismo, el principio del beso es dulce y se convierte en un trago robusto donde nos muestra esas caracter\u00edsticas de florales y frutales con ligeros toques de pimienta para terminar con un final largo que nos muestra un tequila muy disfrutable fuerte bien balanceado, el final con un leve tono de acidez nos deja tonos herbales.<\/p>\n<ul>\n<li><strong>Color:<\/strong> Cristalino brillante.<\/li>\n<li><strong>Aroma:<\/strong> Frutales, florales y c\u00edtricos.<\/li>\n<li><strong>Sabor:<\/strong> Tonos florales, frutales, con toques de pimienta, y herbales.<\/li>\n<\/ul>\n<p>Tequila 100 % puro de agave.<br \/>\n40% Alc. Vol.<br \/>\nBotella de 750ml[\/vc_column_text][\/vc_column][vc_column width=&#8221;1\/2&#8243;][vc_single_image image=&#8221;271&#8243; img_size=&#8221;full&#8221; alignment=&#8221;center&#8221;][\/vc_column][\/vc_row][vc_row content_placement=&#8221;bottom&#8221;][vc_column width=&#8221;1\/2&#8243;][vc_single_image image=&#8221;272&#8243; img_size=&#8221;full&#8221; alignment=&#8221;center&#8221;][\/vc_column][vc_column width=&#8221;1\/2&#8243;][vc_custom_heading text=&#8221;Premium Reposado:&#8221; font_container=&#8221;tag:h2|font_size:25|text_align:left|color:%23ffffff&#8221; google_fonts=&#8221;font_family:Marcellus%20SC%3Aregular|font_style:400%20regular%3A400%3Anormal&#8221;][vc_column_text]<strong>Visual:<\/strong> Nos muestra formidable un color pajizo con matices dorados, muy buena transparencia, brillantez y limpieza, su cuerpo muestra untuosidad excelente tomando tiempo en mostrar l\u00e1grimas y piernas.<\/p>\n<p><strong>Olfativa:<\/strong> Este tequila nos muestra aromas de su elaboraci\u00f3n original a agave cocido con el leve amaderado que le da la madurez que tuvo en la barrica de roble americano, se percibe un balance entre las notas amaderadas, los frutales y herbales y los tonos avainillados que empiezan a resaltar.<\/p>\n<p><strong>Gustativa:<\/strong> Nos muestra un sabor suave, adulzado con tonos frutales y especiado, excelente y leve el impacto de alcohol que nos permite apreciar los conceptos gustativos que nos ofrece este tequila, f\u00e1cil de apreciar la maderizaci\u00f3n producto de su reposo y nos ense\u00f1a tonos avainillados, dej\u00e1ndonos un fin de boca agradable y prolongado.<\/p>\n<ul>\n<li><strong>Color:<\/strong> Amarillo pajizo y dorado.<\/li>\n<li><strong>Aroma:<\/strong> Amaderado, frutales, herbales y tonos avainillados.<\/li>\n<li><strong>Sabor:<\/strong> Tonos frutales, especiados, amaderados y avainillados.<\/li>\n<\/ul>\n<p>Tequila 100 % puro de agave<br \/>\n40% Alc. Vol.<br \/>\nBotella de 750ml[\/vc_column_text][\/vc_column][\/vc_row][vc_row content_placement=&#8221;bottom&#8221;][vc_column width=&#8221;1\/2&#8243;][vc_custom_heading text=&#8221;Premium A\u00f1ejo:&#8221; font_container=&#8221;tag:h2|font_size:25|text_align:left|color:%23ffffff&#8221; google_fonts=&#8221;font_family:Marcellus%20SC%3Aregular|font_style:400%20regular%3A400%3Anormal&#8221;][vc_column_text]<strong>Visual:<\/strong> Se observa un bello color \u00e1mbar oscuro con matices cobrizos, tiene brillantes y transparencia buena que se aprecia a\u00fan en el tono oscuro, el cuerpo lo observamos con buena untuosidad formando coronas de l\u00e1grimas y piernas.<\/p>\n<p><strong>Olfativa:<\/strong> Podemos percibir \u201cnotables\u201d aromas frutales y florales, destacan las notas amaderadas y avainilladas y de ciruela, frutos secos (nuez y almendras), notas finas y elegantes de miel y l\u00e1cteas como mantequilla, excelente balance de las notas y aromas que nos ofrece este tequila.<\/p>\n<p><strong>Gustativa:<\/strong> Nos ofrece un sabor suave con \u00e9nfasis en los frutos secos, la vainilla , ligeros sabores de miel, se percibe con m\u00e1s \u00e9nfasis la maderizaci\u00f3n, consecuencia de su descanso en barricas de roble americano, limpieza y armon\u00eda en el sabor y el impacto del alcohol que lo hace muy disfrutable, excelente y muy prolongado final de boca.<\/p>\n<ul>\n<li><strong>Color:<\/strong> \u00c1mbar oscuro con matices cobrizos.<\/li>\n<li><strong>Aroma:<\/strong> Florales, frutales, ciruela, frutos secos(nuez y almendras), notas amaderadas, avainilladas, de miel, y l\u00e1cteas como mantequilla.<\/li>\n<li><strong>Sabor:<\/strong> Frutos secos, vainilla, miel, y amaderados.<\/li>\n<li><strong>A\u00f1ejamiento:<\/strong> 4 a\u00f1os en barricas de roble<\/li>\n<\/ul>\n<p>Tequila 100 % puro de agave<br \/>\n40% Alc. Vol.<br \/>\nBotella de 750ml[\/vc_column_text][\/vc_column][vc_column width=&#8221;1\/2&#8243;][vc_single_image image=&#8221;269&#8243; img_size=&#8221;full&#8221; alignment=&#8221;center&#8221;][\/vc_column][\/vc_row][vc_row content_placement=&#8221;bottom&#8221;][vc_column width=&#8221;1\/2&#8243;][vc_single_image image=&#8221;273&#8243; img_size=&#8221;full&#8221; alignment=&#8221;center&#8221;][\/vc_column][vc_column width=&#8221;1\/2&#8243;][vc_custom_heading text=&#8221;Premium Extra A\u00f1ejo:&#8221; font_container=&#8221;tag:h2|font_size:25|text_align:left|color:%23ffffff&#8221; google_fonts=&#8221;font_family:Marcellus%20SC%3Aregular|font_style:400%20regular%3A400%3Anormal&#8221;][vc_column_text]<strong>Visual:<\/strong> Este tequila presenta un impresionante color \u00e1mbar profundo con matices rojizos, y cristalino, se puede apreciar una excelente transparencia, a\u00fan con su tono caf\u00e9- rojo oscuro, y su cuerpo muestra muy buena untuosidad tomando tiempo en mostrar l\u00e1grimas y piernas.<\/p>\n<p><strong>Olfativa:<\/strong> Se pueden percibir aromas suaves y dulces, notas a vainilla, nos muestra claramente el aroma del agave cocido con matices amaderados que crea armon\u00eda con las destacadas notas de frutas dulces.<\/p>\n<p><strong>Gustativa:<\/strong> Nos brinda una suavidad \u00fanica, notables tonos de vainilla, chocolate, sabor tostado, y sutiles notas a madera debido a su maduraci\u00f3n por 7 a\u00f1os en Roble Blanco Franc\u00e9s; nos regala un robusto y c\u00e1lido final de boca.<\/p>\n<ul>\n<li><strong>Color:<\/strong> \u00c1mbar oscuro con matices rojizos.<\/li>\n<li><strong>Aroma:<\/strong> Frutales, agave cocido con matices amaderados<\/li>\n<li><strong>Sabor:<\/strong> Tostado con notas a vainilla, chocolate, amaderado<\/li>\n<li><strong>A\u00f1ejamiento:<\/strong> 7 a\u00f1os en barricas de Roble Blanco Franc\u00e9s<\/li>\n<\/ul>\n<p>Tequila 100 % puro de agave<br \/>\n40% Alc. Vol.<br \/>\nBotella de 750ml[\/vc_column_text][\/vc_column][\/vc_row]<\/p>\n","protected":false},"excerpt":{"rendered":"<p>[vc_row content_placement=&#8221;middle&#8221;][vc_column width=&#8221;1\/2&#8243;][vc_row_inner][vc_column_inner][vc_custom_heading text=&#8221;Productos&#8221; font_container=&#8221;tag:h2|font_size:50|text_align:left|color:%23ffffff&#8221; google_fonts=&#8221;font_family:Marcellus%20SC%3Aregular|font_style:400%20regular%3A400%3Anormal&#8221;][\/vc_column_inner][\/vc_row_inner][vc_row_inner][vc_column_inner][vc_custom_heading text=&#8221;Tesoros \u00fanicos.&#8221; font_container=&#8221;tag:h2|font_size:25|text_align:left|color:%23ffffff&#8221; google_fonts=&#8221;font_family:Marcellus%20SC%3Aregular|font_style:400%20regular%3A400%3Anormal&#8221;][\/vc_column_inner][\/vc_row_inner][vc_row_inner][vc_column_inner][vc_column_text]No hay en el mundo tesoro m\u00e1s grande, y de gran valor que el Tequila, bebida sagrada que la naturaleza nos brinda. Nuestro tequila es elaborado de manera muy especial, con un proceso artesanal; y cada una de nuestras botellas es distinta y \u00fanica, creadas y<br \/><a href=\"https:\/\/www.tequilatesoromaya.com\/en\/es\/productos\/\" class=\"more\">Read more<\/a><\/p>\n","protected":false},"author":1,"featured_media":0,"parent":0,"menu_order":0,"comment_status":"closed","ping_status":"closed","template":"","meta":{"footnotes":""},"class_list":["post-316","page","type-page","status-publish","hentry"],"_links":{"self":[{"href":"https:\/\/www.tequilatesoromaya.com\/en\/wp-json\/wp\/v2\/pages\/316","targetHints":{"allow":["GET"]}}],"collection":[{"href":"https:\/\/www.tequilatesoromaya.com\/en\/wp-json\/wp\/v2\/pages"}],"about":[{"href":"https:\/\/www.tequilatesoromaya.com\/en\/wp-json\/wp\/v2\/types\/page"}],"author":[{"embeddable":true,"href":"https:\/\/www.tequilatesoromaya.com\/en\/wp-json\/wp\/v2\/users\/1"}],"replies":[{"embeddable":true,"href":"https:\/\/www.tequilatesoromaya.com\/en\/wp-json\/wp\/v2\/comments?post=316"}],"version-history":[{"count":1,"href":"https:\/\/www.tequilatesoromaya.com\/en\/wp-json\/wp\/v2\/pages\/316\/revisions"}],"predecessor-version":[{"id":317,"href":"https:\/\/www.tequilatesoromaya.com\/en\/wp-json\/wp\/v2\/pages\/316\/revisions\/317"}],"wp:attachment":[{"href":"https:\/\/www.tequilatesoromaya.com\/en\/wp-json\/wp\/v2\/media?parent=316"}],"curies":[{"name":"wp","href":"https:\/\/api.w.org\/{rel}","templated":true}]}}