{"id":312,"date":"2022-12-09T15:08:32","date_gmt":"2022-12-09T15:08:32","guid":{"rendered":"https:\/\/www.tequilatesoromaya.com\/en\/?page_id=312"},"modified":"2022-12-09T15:08:32","modified_gmt":"2022-12-09T15:08:32","slug":"historia","status":"publish","type":"page","link":"https:\/\/www.tequilatesoromaya.com\/en\/es\/historia\/","title":{"rendered":"Historia"},"content":{"rendered":"<p>[vc_row full_height=&#8221;yes&#8221; content_placement=&#8221;middle&#8221; css=&#8221;.vc_custom_1629076935392{background-image: url(http:\/\/localhost\/www.tequilatesoromaya.com\/en\/wp-content\/uploads\/2021\/08\/1080_barrel_01.jpg?id=275) !important;}&#8221;][vc_column css=&#8221;.vc_custom_1629077083359{background-image: url(http:\/\/localhost\/www.tequilatesoromaya.com\/en\/wp-content\/uploads\/2021\/08\/process_crop_1920.jpg?id=230) !important;}&#8221;][vc_row_inner][vc_column_inner][vc_custom_heading text=&#8221;Nuestra Historia&#8221; font_container=&#8221;tag:h2|font_size:50|text_align:left|color:%23ffffff&#8221; google_fonts=&#8221;font_family:Marcellus%20SC%3Aregular|font_style:400%20regular%3A400%3Anormal&#8221;][\/vc_column_inner][\/vc_row_inner][vc_row_inner][vc_column_inner][vc_column_text]Tequila Tesoro Maya naci\u00f3 de un sue\u00f1o donde los sonidos de los tambores sonaban fuerte, y una noche gris contrastaba con el azul brillante de un agave siendo trabajado m\u00e1gicamente por un maya que hizo una de las bebidas m\u00e1s fascinantes, hoy en d\u00eda llamada: \u2018Tequila.\u2019 En el sue\u00f1o, \u00e9l nos entreg\u00f3 este incre\u00edble tesoro como un regalo para el mundo, y nos encomend\u00f3 una misi\u00f3n muy especial: realizar este tequila con el coraz\u00f3n, dedicaci\u00f3n, y de manera \u00fanica.<\/p>\n<p>&nbsp;<\/p>\n<p>Llevamos dos vueltas al sol elaborando este tesoro que los dioses mayas nos dejaron como legado en ese sue\u00f1o. Siguiendo sus consejos ancestrales, desde ese entonces nos dedicamos a realizarlo de manera completamente artesanal de principio a fin, el proceso del tequila es el tradicional, raz\u00f3n por la cual su sabor es delicioso y la botella es hecha a mano por artesanos de los Altos de Jalisco, cada una de las botellas es distinta. Seguimos las tradiciones mayas; el fin de las bebidas sagradas para ellos era purificar y conectar con estados de conciencia especiales. Los mayas conoc\u00edan muy bien los misterios de la felicidad.[\/vc_column_text][\/vc_column_inner][\/vc_row_inner][\/vc_column][\/vc_row]<\/p>\n","protected":false},"excerpt":{"rendered":"<p>[vc_row full_height=&#8221;yes&#8221; content_placement=&#8221;middle&#8221; css=&#8221;.vc_custom_1629076935392{background-image: url(http:\/\/localhost\/www.tequilatesoromaya.com\/en\/wp-content\/uploads\/2021\/08\/1080_barrel_01.jpg?id=275) !important;}&#8221;][vc_column css=&#8221;.vc_custom_1629077083359{background-image: url(http:\/\/localhost\/www.tequilatesoromaya.com\/en\/wp-content\/uploads\/2021\/08\/process_crop_1920.jpg?id=230) !important;}&#8221;][vc_row_inner][vc_column_inner][vc_custom_heading text=&#8221;Nuestra Historia&#8221; font_container=&#8221;tag:h2|font_size:50|text_align:left|color:%23ffffff&#8221; google_fonts=&#8221;font_family:Marcellus%20SC%3Aregular|font_style:400%20regular%3A400%3Anormal&#8221;][\/vc_column_inner][\/vc_row_inner][vc_row_inner][vc_column_inner][vc_column_text]Tequila Tesoro Maya naci\u00f3 de un sue\u00f1o donde los sonidos de los tambores sonaban fuerte, y una noche gris contrastaba con el azul brillante de un agave siendo trabajado m\u00e1gicamente por un maya que hizo una de las bebidas m\u00e1s fascinantes, hoy en<br \/><a href=\"https:\/\/www.tequilatesoromaya.com\/en\/es\/historia\/\" class=\"more\">Read more<\/a><\/p>\n","protected":false},"author":1,"featured_media":0,"parent":0,"menu_order":0,"comment_status":"closed","ping_status":"closed","template":"","meta":{"footnotes":""},"class_list":["post-312","page","type-page","status-publish","hentry"],"_links":{"self":[{"href":"https:\/\/www.tequilatesoromaya.com\/en\/wp-json\/wp\/v2\/pages\/312","targetHints":{"allow":["GET"]}}],"collection":[{"href":"https:\/\/www.tequilatesoromaya.com\/en\/wp-json\/wp\/v2\/pages"}],"about":[{"href":"https:\/\/www.tequilatesoromaya.com\/en\/wp-json\/wp\/v2\/types\/page"}],"author":[{"embeddable":true,"href":"https:\/\/www.tequilatesoromaya.com\/en\/wp-json\/wp\/v2\/users\/1"}],"replies":[{"embeddable":true,"href":"https:\/\/www.tequilatesoromaya.com\/en\/wp-json\/wp\/v2\/comments?post=312"}],"version-history":[{"count":1,"href":"https:\/\/www.tequilatesoromaya.com\/en\/wp-json\/wp\/v2\/pages\/312\/revisions"}],"predecessor-version":[{"id":313,"href":"https:\/\/www.tequilatesoromaya.com\/en\/wp-json\/wp\/v2\/pages\/312\/revisions\/313"}],"wp:attachment":[{"href":"https:\/\/www.tequilatesoromaya.com\/en\/wp-json\/wp\/v2\/media?parent=312"}],"curies":[{"name":"wp","href":"https:\/\/api.w.org\/{rel}","templated":true}]}}